{"id":24,"date":"2026-03-01T03:56:37","date_gmt":"2026-03-01T03:56:37","guid":{"rendered":"https:\/\/preproduction.nuvatum.com\/?page_id=24"},"modified":"2026-03-05T08:45:46","modified_gmt":"2026-03-05T08:45:46","slug":"24-2","status":"publish","type":"page","link":"https:\/\/preproduction.nuvatum.com\/","title":{"rendered":""},"content":{"rendered":"\t\t<div data-elementor-type=\"wp-page\" data-elementor-id=\"24\" class=\"elementor elementor-24\">\n\t\t\t\t<div class=\"elementor-element elementor-element-2c50c85 e-con-full e-flex e-con e-parent\" data-id=\"2c50c85\" data-element_type=\"container\" data-e-type=\"container\" id=\"navbar-nuvatum\" data-settings=\"{&quot;background_background&quot;:&quot;classic&quot;}\">\n\t\t<div class=\"elementor-element elementor-element-db17506 e-con-full e-flex e-con e-child\" data-id=\"db17506\" data-element_type=\"container\" data-e-type=\"container\">\n\t\t\t\t<div class=\"elementor-element elementor-element-8aef8a0 elementor-widget elementor-widget-heading\" data-id=\"8aef8a0\" data-element_type=\"widget\" data-e-type=\"widget\" data-widget_type=\"heading.default\">\n\t\t\t\t\t<h2 class=\"elementor-heading-title elementor-size-default\">NUVATUM<\/h2>\t\t\t\t<\/div>\n\t\t\t\t<\/div>\n\t\t<div class=\"elementor-element elementor-element-16306b7 e-con-full e-flex e-con e-child\" data-id=\"16306b7\" data-element_type=\"container\" data-e-type=\"container\">\n\t\t\t\t<div class=\"elementor-element elementor-element-1f5bab5 elementor-icon-list--layout-inline elementor-list-item-link-full_width elementor-widget elementor-widget-icon-list\" data-id=\"1f5bab5\" data-element_type=\"widget\" data-e-type=\"widget\" data-widget_type=\"icon-list.default\">\n\t\t\t\t\t\t\t<ul class=\"elementor-icon-list-items elementor-inline-items\">\n\t\t\t\t\t\t\t<li class=\"elementor-icon-list-item elementor-inline-item\">\n\t\t\t\t\t\t\t\t\t\t<span class=\"elementor-icon-list-text\">Inicio<\/span>\n\t\t\t\t\t\t\t\t\t<\/li>\n\t\t\t\t\t\t\t\t<li class=\"elementor-icon-list-item elementor-inline-item\">\n\t\t\t\t\t\t\t\t\t\t<span class=\"elementor-icon-list-text\">Nosotros<\/span>\n\t\t\t\t\t\t\t\t\t<\/li>\n\t\t\t\t\t\t\t\t<li class=\"elementor-icon-list-item elementor-inline-item\">\n\t\t\t\t\t\t\t\t\t\t<span class=\"elementor-icon-list-text\">Servicios<\/span>\n\t\t\t\t\t\t\t\t\t<\/li>\n\t\t\t\t\t\t\t\t<li class=\"elementor-icon-list-item elementor-inline-item\">\n\t\t\t\t\t\t\t\t\t\t<span class=\"elementor-icon-list-text\">Blog<\/span>\n\t\t\t\t\t\t\t\t\t<\/li>\n\t\t\t\t\t\t<\/ul>\n\t\t\t\t\t\t<\/div>\n\t\t\t\t<div class=\"elementor-element elementor-element-49674c9 elementor-widget elementor-widget-button\" data-id=\"49674c9\" data-element_type=\"widget\" data-e-type=\"widget\" data-widget_type=\"button.default\">\n\t\t\t\t\t\t\t\t\t\t<a class=\"elementor-button elementor-button-link elementor-size-sm\" href=\"#\">\n\t\t\t\t\t\t<span class=\"elementor-button-content-wrapper\">\n\t\t\t\t\t\t\t\t\t<span class=\"elementor-button-text\">Contactanos<\/span>\n\t\t\t\t\t<\/span>\n\t\t\t\t\t<\/a>\n\t\t\t\t\t\t\t\t<\/div>\n\t\t\t\t<\/div>\n\t\t\t\t<\/div>\n\t\t<div class=\"elementor-element elementor-element-b5d85e1 e-con-full e-flex e-con e-parent\" data-id=\"b5d85e1\" data-element_type=\"container\" data-e-type=\"container\" data-settings=\"{&quot;background_background&quot;:&quot;classic&quot;,&quot;shape_divider_bottom&quot;:&quot;opacity-fan&quot;}\">\n\t\t\t\t<div class=\"elementor-shape elementor-shape-bottom\" aria-hidden=\"true\" data-negative=\"false\">\n\t\t\t<svg xmlns=\"http:\/\/www.w3.org\/2000\/svg\" viewBox=\"0 0 283.5 19.6\" preserveAspectRatio=\"none\">\n\t<path class=\"elementor-shape-fill\" style=\"opacity:0.33\" d=\"M0 0L0 18.8 141.8 4.1 283.5 18.8 283.5 0z\"\/>\n\t<path class=\"elementor-shape-fill\" style=\"opacity:0.33\" d=\"M0 0L0 12.6 141.8 4 283.5 12.6 283.5 0z\"\/>\n\t<path class=\"elementor-shape-fill\" style=\"opacity:0.33\" d=\"M0 0L0 6.4 141.8 4 283.5 6.4 283.5 0z\"\/>\n\t<path class=\"elementor-shape-fill\" d=\"M0 0L0 1.2 141.8 4 283.5 1.2 283.5 0z\"\/>\n<\/svg>\t\t<\/div>\n\t\t\t\t<div class=\"elementor-element elementor-element-3370d80 elementor-widget elementor-widget-heading\" data-id=\"3370d80\" data-element_type=\"widget\" data-e-type=\"widget\" data-widget_type=\"heading.default\">\n\t\t\t\t\t<h2 class=\"elementor-heading-title elementor-size-default\">Creando las Mejores  <br \/>Soluciones de TI<\/span><\/h2>\t\t\t\t<\/div>\n\t\t\t\t<div class=\"elementor-element elementor-element-ef85756 elementor-widget elementor-widget-text-editor\" data-id=\"ef85756\" data-element_type=\"widget\" data-e-type=\"widget\" data-widget_type=\"text-editor.default\">\n\t\t\t\t\t\t\t\t\t<p>En Nuvatum, creamos tecnolog\u00eda que conecta, expande y transforma<\/p>\t\t\t\t\t\t\t\t<\/div>\n\t\t\t\t<div class=\"elementor-element elementor-element-85d7079 elementor-widget elementor-widget-button\" data-id=\"85d7079\" data-element_type=\"widget\" data-e-type=\"widget\" data-widget_type=\"button.default\">\n\t\t\t\t\t\t\t\t\t\t<a class=\"elementor-button elementor-button-link elementor-size-sm\" href=\"#\">\n\t\t\t\t\t\t<span class=\"elementor-button-content-wrapper\">\n\t\t\t\t\t\t\t\t\t<span class=\"elementor-button-text\">Ver m\u00e1s<\/span>\n\t\t\t\t\t<\/span>\n\t\t\t\t\t<\/a>\n\t\t\t\t\t\t\t\t<\/div>\n\t\t\t\t<\/div>\n\t\t<div class=\"elementor-element elementor-element-fe13fb1 e-con-full e-flex e-con e-parent\" data-id=\"fe13fb1\" data-element_type=\"container\" data-e-type=\"container\" id=\"seccion-nosotros\" data-settings=\"{&quot;background_background&quot;:&quot;classic&quot;}\">\n\t\t<div class=\"elementor-element elementor-element-c528140 e-con-full e-flex e-con e-child\" data-id=\"c528140\" data-element_type=\"container\" data-e-type=\"container\">\n\t\t<div class=\"elementor-element elementor-element-256710f e-con-full e-flex e-con e-child\" data-id=\"256710f\" data-element_type=\"container\" data-e-type=\"container\">\n\t\t\t\t<div class=\"elementor-element elementor-element-0caa98f elementor-widget__width-initial elementor-widget elementor-widget-heading\" data-id=\"0caa98f\" data-element_type=\"widget\" data-e-type=\"widget\" data-widget_type=\"heading.default\">\n\t\t\t\t\t<h2 class=\"elementor-heading-title elementor-size-default\">Nosotros<\/h2>\t\t\t\t<\/div>\n\t\t\t\t<div class=\"elementor-element elementor-element-a6ac9e0 elementor-widget elementor-widget-heading\" data-id=\"a6ac9e0\" data-element_type=\"widget\" data-e-type=\"widget\" data-widget_type=\"heading.default\">\n\t\t\t\t\t<h2 class=\"elementor-heading-title elementor-size-default\">Innovaci\u00f3n, \n<span style=\"color:#32CD32\">conectividad <\/span><\/br>\ny resultados<\/h2>\t\t\t\t<\/div>\n\t\t\t\t<div class=\"elementor-element elementor-element-7edae89 elementor-widget elementor-widget-text-editor\" data-id=\"7edae89\" data-element_type=\"widget\" data-e-type=\"widget\" data-widget_type=\"text-editor.default\">\n\t\t\t\t\t\t\t\t\t<p>En Nuvatum, somos apasionados por construir soluciones digitales que transformen la manera en que operan las empresas. Con un enfoque en innovaci\u00f3n y conectividad, ofrecemos servicios que empoderan negocios para crecer m\u00e1s r\u00e1pido y llegar m\u00e1s lejos.<\/p>\t\t\t\t\t\t\t\t<\/div>\n\t\t\t\t<div class=\"elementor-element elementor-element-75b5575 elementor-widget__width-initial elementor-widget elementor-widget-button\" data-id=\"75b5575\" data-element_type=\"widget\" data-e-type=\"widget\" id=\"btn-nosotros-nuvatum\" data-widget_type=\"button.default\">\n\t\t\t\t\t\t\t\t\t\t<a class=\"elementor-button elementor-button-link elementor-size-sm\" href=\"#\">\n\t\t\t\t\t\t<span class=\"elementor-button-content-wrapper\">\n\t\t\t\t\t\t\t\t\t<span class=\"elementor-button-text\">Ver m\u00e1s<\/span>\n\t\t\t\t\t<\/span>\n\t\t\t\t\t<\/a>\n\t\t\t\t\t\t\t\t<\/div>\n\t\t\t\t<\/div>\n\t\t\t\t<\/div>\n\t\t<div class=\"elementor-element elementor-element-5954f3a e-con-full e-flex e-con e-child\" data-id=\"5954f3a\" data-element_type=\"container\" data-e-type=\"container\">\n\t\t<div class=\"elementor-element elementor-element-0bfa022 e-con-full e-flex e-con e-child\" data-id=\"0bfa022\" data-element_type=\"container\" data-e-type=\"container\">\n\t\t<div class=\"elementor-element elementor-element-9802f32 e-con-full e-flex e-con e-child\" data-id=\"9802f32\" data-element_type=\"container\" data-e-type=\"container\">\n\t\t\t\t<div class=\"elementor-element elementor-element-cf8f556 elementor-widget elementor-widget-heading\" data-id=\"cf8f556\" data-element_type=\"widget\" data-e-type=\"widget\" data-widget_type=\"heading.default\">\n\t\t\t\t\t<h2 class=\"elementor-heading-title elementor-size-default\">+10<\/h2>\t\t\t\t<\/div>\n\t\t\t\t<div class=\"elementor-element elementor-element-7050437 elementor-widget elementor-widget-text-editor\" data-id=\"7050437\" data-element_type=\"widget\" data-e-type=\"widget\" data-widget_type=\"text-editor.default\">\n\t\t\t\t\t\t\t\t\t<p>A\u00f1os de experiencia compartida<\/p>\t\t\t\t\t\t\t\t<\/div>\n\t\t\t\t<\/div>\n\t\t<div class=\"elementor-element elementor-element-315fd25 e-con-full e-flex e-con e-child\" data-id=\"315fd25\" data-element_type=\"container\" data-e-type=\"container\">\n\t\t\t\t<div class=\"elementor-element elementor-element-3679b33 elementor-widget elementor-widget-heading\" data-id=\"3679b33\" data-element_type=\"widget\" data-e-type=\"widget\" data-widget_type=\"heading.default\">\n\t\t\t\t\t<h2 class=\"elementor-heading-title elementor-size-default\">+50<\/h2>\t\t\t\t<\/div>\n\t\t\t\t<div class=\"elementor-element elementor-element-4afb5bf elementor-widget elementor-widget-text-editor\" data-id=\"4afb5bf\" data-element_type=\"widget\" data-e-type=\"widget\" data-widget_type=\"text-editor.default\">\n\t\t\t\t\t\t\t\t\t<p>Proyectos exitosos<\/p>\t\t\t\t\t\t\t\t<\/div>\n\t\t\t\t<\/div>\n\t\t\t\t<\/div>\n\t\t\t\t<div class=\"elementor-element elementor-element-27b4c1d elementor-widget elementor-widget-image\" data-id=\"27b4c1d\" data-element_type=\"widget\" data-e-type=\"widget\" data-widget_type=\"image.default\">\n\t\t\t\t\t\t\t\t\t\t\t\t\t\t\t<img fetchpriority=\"high\" decoding=\"async\" width=\"300\" height=\"168\" src=\"https:\/\/preproduction.nuvatum.com\/wp-content\/uploads\/2026\/03\/285be4ba77d5d730bd2f70dec67eb362a0c2320e.png\" class=\"attachment-2048x2048 size-2048x2048 wp-image-250\" alt=\"\" \/>\t\t\t\t\t\t\t\t\t\t\t\t\t\t\t<\/div>\n\t\t\t\t<\/div>\n\t\t\t\t<\/div>\n\t\t<div class=\"elementor-element elementor-element-2bf6333 e-con-full e-flex e-con e-parent\" data-id=\"2bf6333\" data-element_type=\"container\" data-e-type=\"container\" data-settings=\"{&quot;background_background&quot;:&quot;classic&quot;}\">\n\t\t<div class=\"elementor-element elementor-element-bb585ac e-con-full e-flex e-con e-child\" data-id=\"bb585ac\" data-element_type=\"container\" data-e-type=\"container\">\n\t\t\t\t<div class=\"elementor-element elementor-element-562f023 elementor-widget elementor-widget-image\" data-id=\"562f023\" data-element_type=\"widget\" data-e-type=\"widget\" data-widget_type=\"image.default\">\n\t\t\t\t\t\t\t\t\t\t\t\t\t\t\t<img decoding=\"async\" width=\"300\" height=\"300\" src=\"https:\/\/preproduction.nuvatum.com\/wp-content\/uploads\/2026\/03\/b168461bc98b4536f9abbc11527aa4433bb0c6fa.png\" class=\"attachment-large size-large wp-image-254\" alt=\"\" srcset=\"http:\/\/preproduction.nuvatum.com\/wp-content\/uploads\/2026\/03\/b168461bc98b4536f9abbc11527aa4433bb0c6fa.png 300w, http:\/\/preproduction.nuvatum.com\/wp-content\/uploads\/2026\/03\/b168461bc98b4536f9abbc11527aa4433bb0c6fa-150x150.png 150w\" sizes=\"(max-width: 300px) 100vw, 300px\" \/>\t\t\t\t\t\t\t\t\t\t\t\t\t\t\t<\/div>\n\t\t\t\t<div class=\"elementor-element elementor-element-4225c18 elementor-widget elementor-widget-heading\" data-id=\"4225c18\" data-element_type=\"widget\" data-e-type=\"widget\" data-widget_type=\"heading.default\">\n\t\t\t\t\t<h2 class=\"elementor-heading-title elementor-size-default\">Desarrollo web y Apps<\/h2>\t\t\t\t<\/div>\n\t\t\t\t<div class=\"elementor-element elementor-element-6af1412 elementor-widget elementor-widget-text-editor\" data-id=\"6af1412\" data-element_type=\"widget\" data-e-type=\"widget\" data-widget_type=\"text-editor.default\">\n\t\t\t\t\t\t\t\t\t<p>Creamos plataformas digitales personalizadas, optimizadas y escalables.<\/p>\t\t\t\t\t\t\t\t<\/div>\n\t\t\t\t<\/div>\n\t\t<div class=\"elementor-element elementor-element-96aeb5c e-con-full e-flex e-con e-child\" data-id=\"96aeb5c\" data-element_type=\"container\" data-e-type=\"container\">\n\t\t\t\t<div class=\"elementor-element elementor-element-c45fc15 elementor-widget elementor-widget-image\" data-id=\"c45fc15\" data-element_type=\"widget\" data-e-type=\"widget\" data-widget_type=\"image.default\">\n\t\t\t\t\t\t\t\t\t\t\t\t\t\t\t<img decoding=\"async\" width=\"300\" height=\"300\" src=\"https:\/\/preproduction.nuvatum.com\/wp-content\/uploads\/2026\/03\/5dcabab72ab4fcb79ba6b6557e3b04b4b54f792a.png\" class=\"attachment-large size-large wp-image-275\" alt=\"\" srcset=\"http:\/\/preproduction.nuvatum.com\/wp-content\/uploads\/2026\/03\/5dcabab72ab4fcb79ba6b6557e3b04b4b54f792a.png 300w, http:\/\/preproduction.nuvatum.com\/wp-content\/uploads\/2026\/03\/5dcabab72ab4fcb79ba6b6557e3b04b4b54f792a-150x150.png 150w\" sizes=\"(max-width: 300px) 100vw, 300px\" \/>\t\t\t\t\t\t\t\t\t\t\t\t\t\t\t<\/div>\n\t\t\t\t<div class=\"elementor-element elementor-element-45fc940 elementor-widget elementor-widget-heading\" data-id=\"45fc940\" data-element_type=\"widget\" data-e-type=\"widget\" data-widget_type=\"heading.default\">\n\t\t\t\t\t<h2 class=\"elementor-heading-title elementor-size-default\">Integraci\u00f3n de sistemas (ETL)<\/h2>\t\t\t\t<\/div>\n\t\t\t\t<div class=\"elementor-element elementor-element-35b661c elementor-widget elementor-widget-text-editor\" data-id=\"35b661c\" data-element_type=\"widget\" data-e-type=\"widget\" data-widget_type=\"text-editor.default\">\n\t\t\t\t\t\t\t\t\t<p><span style=\"white-space-collapse: preserve;\">Conecta y optimiza tus datos para decisiones m\u00e1s inteligentes.<\/span><\/p>\t\t\t\t\t\t\t\t<\/div>\n\t\t\t\t<\/div>\n\t\t<div class=\"elementor-element elementor-element-003e09c e-con-full e-flex e-con e-child\" data-id=\"003e09c\" data-element_type=\"container\" data-e-type=\"container\">\n\t\t\t\t<div class=\"elementor-element elementor-element-219ce57 elementor-widget elementor-widget-image\" data-id=\"219ce57\" data-element_type=\"widget\" data-e-type=\"widget\" data-widget_type=\"image.default\">\n\t\t\t\t\t\t\t\t\t\t\t\t\t\t\t<img loading=\"lazy\" decoding=\"async\" width=\"300\" height=\"300\" src=\"https:\/\/preproduction.nuvatum.com\/wp-content\/uploads\/2026\/03\/37e4f860e449e39d4b39f526192e118e7302a3f3.png\" class=\"attachment-large size-large wp-image-276\" alt=\"\" srcset=\"http:\/\/preproduction.nuvatum.com\/wp-content\/uploads\/2026\/03\/37e4f860e449e39d4b39f526192e118e7302a3f3.png 300w, http:\/\/preproduction.nuvatum.com\/wp-content\/uploads\/2026\/03\/37e4f860e449e39d4b39f526192e118e7302a3f3-150x150.png 150w\" sizes=\"(max-width: 300px) 100vw, 300px\" \/>\t\t\t\t\t\t\t\t\t\t\t\t\t\t\t<\/div>\n\t\t\t\t<div class=\"elementor-element elementor-element-e4efaf4 elementor-widget elementor-widget-heading\" data-id=\"e4efaf4\" data-element_type=\"widget\" data-e-type=\"widget\" data-widget_type=\"heading.default\">\n\t\t\t\t\t<h2 class=\"elementor-heading-title elementor-size-default\">Consultor\u00eda tecnol\u00f3gica<\/h2>\t\t\t\t<\/div>\n\t\t\t\t<div class=\"elementor-element elementor-element-1e4c690 elementor-widget elementor-widget-text-editor\" data-id=\"1e4c690\" data-element_type=\"widget\" data-e-type=\"widget\" data-widget_type=\"text-editor.default\">\n\t\t\t\t\t\t\t\t\t<p><span style=\"white-space-collapse: preserve;\">Te guiamos en cada paso para maximizar tu transformaci\u00f3n digital.<\/span><\/p>\t\t\t\t\t\t\t\t<\/div>\n\t\t\t\t<\/div>\n\t\t<div class=\"elementor-element elementor-element-ca96044 e-con-full e-flex e-con e-child\" data-id=\"ca96044\" data-element_type=\"container\" data-e-type=\"container\">\n\t\t\t\t<div class=\"elementor-element elementor-element-1300beb elementor-widget elementor-widget-image\" data-id=\"1300beb\" data-element_type=\"widget\" data-e-type=\"widget\" data-widget_type=\"image.default\">\n\t\t\t\t\t\t\t\t\t\t\t\t\t\t\t<img loading=\"lazy\" decoding=\"async\" width=\"300\" height=\"300\" src=\"https:\/\/preproduction.nuvatum.com\/wp-content\/uploads\/2026\/03\/3f3ee5679b62cb22a5e93f0ec2627a7b8700d73d.png\" class=\"attachment-large size-large wp-image-277\" alt=\"\" srcset=\"http:\/\/preproduction.nuvatum.com\/wp-content\/uploads\/2026\/03\/3f3ee5679b62cb22a5e93f0ec2627a7b8700d73d.png 300w, http:\/\/preproduction.nuvatum.com\/wp-content\/uploads\/2026\/03\/3f3ee5679b62cb22a5e93f0ec2627a7b8700d73d-150x150.png 150w\" sizes=\"(max-width: 300px) 100vw, 300px\" \/>\t\t\t\t\t\t\t\t\t\t\t\t\t\t\t<\/div>\n\t\t\t\t<div class=\"elementor-element elementor-element-17e20ae elementor-widget elementor-widget-heading\" data-id=\"17e20ae\" data-element_type=\"widget\" data-e-type=\"widget\" data-widget_type=\"heading.default\">\n\t\t\t\t\t<h2 class=\"elementor-heading-title elementor-size-default\">Marketing digital<\/h2>\t\t\t\t<\/div>\n\t\t\t\t<div class=\"elementor-element elementor-element-afcb404 elementor-widget elementor-widget-text-editor\" data-id=\"afcb404\" data-element_type=\"widget\" data-e-type=\"widget\" data-widget_type=\"text-editor.default\">\n\t\t\t\t\t\t\t\t\t<p>Impulsa tu marca con campa\u00f1as digitales efectivas.<\/p>\t\t\t\t\t\t\t\t<\/div>\n\t\t\t\t<\/div>\n\t\t\t\t<\/div>\n\t\t<div class=\"elementor-element elementor-element-4277ea7 e-flex e-con-boxed e-con e-parent\" data-id=\"4277ea7\" data-element_type=\"container\" data-e-type=\"container\" data-settings=\"{&quot;background_background&quot;:&quot;classic&quot;}\">\n\t\t\t\t\t<div class=\"e-con-inner\">\n\t\t\t\t<div class=\"elementor-element elementor-element-b083649 elementor-widget elementor-widget-heading\" data-id=\"b083649\" data-element_type=\"widget\" data-e-type=\"widget\" data-widget_type=\"heading.default\">\n\t\t\t\t\t<h2 class=\"elementor-heading-title elementor-size-default\">Lleva tu negocio al siguiente <br>\nnivel con <span style=\"color:#32CD32\">soluciones a la medida.<\/span><\/h2>\t\t\t\t<\/div>\n\t\t\t\t<div class=\"elementor-element elementor-element-2e9dbbc elementor-widget__width-initial elementor-widget elementor-widget-button\" data-id=\"2e9dbbc\" data-element_type=\"widget\" data-e-type=\"widget\" data-widget_type=\"button.default\">\n\t\t\t\t\t\t\t\t\t\t<a class=\"elementor-button elementor-button-link elementor-size-sm\" href=\"#\">\n\t\t\t\t\t\t<span class=\"elementor-button-content-wrapper\">\n\t\t\t\t\t\t\t\t\t<span class=\"elementor-button-text\">Ver m\u00e1s<\/span>\n\t\t\t\t\t<\/span>\n\t\t\t\t\t<\/a>\n\t\t\t\t\t\t\t\t<\/div>\n\t\t\t\t\t<\/div>\n\t\t\t\t<\/div>\n\t\t\t\t<\/div>\n\t\t","protected":false},"excerpt":{"rendered":"<p>NUVATUM Inicio Nosotros Servicios Blog Contactanos Creando las Mejores Soluciones de TI En Nuvatum, creamos tecnolog\u00eda que conecta, expande y transforma Ver m\u00e1s Nosotros Innovaci\u00f3n, conectividad y resultados En Nuvatum, somos apasionados por construir soluciones digitales que transformen la manera en que operan las empresas. Con un enfoque en innovaci\u00f3n y conectividad, ofrecemos servicios que [&hellip;]<\/p>\n","protected":false},"author":1,"featured_media":0,"parent":0,"menu_order":0,"comment_status":"closed","ping_status":"closed","template":"elementor_canvas","meta":{"footnotes":""},"class_list":["post-24","page","type-page","status-publish","hentry"],"_links":{"self":[{"href":"https:\/\/preproduction.nuvatum.com\/index.php?rest_route=\/wp\/v2\/pages\/24","targetHints":{"allow":["GET"]}}],"collection":[{"href":"https:\/\/preproduction.nuvatum.com\/index.php?rest_route=\/wp\/v2\/pages"}],"about":[{"href":"https:\/\/preproduction.nuvatum.com\/index.php?rest_route=\/wp\/v2\/types\/page"}],"author":[{"embeddable":true,"href":"https:\/\/preproduction.nuvatum.com\/index.php?rest_route=\/wp\/v2\/users\/1"}],"replies":[{"embeddable":true,"href":"https:\/\/preproduction.nuvatum.com\/index.php?rest_route=%2Fwp%2Fv2%2Fcomments&post=24"}],"version-history":[{"count":237,"href":"https:\/\/preproduction.nuvatum.com\/index.php?rest_route=\/wp\/v2\/pages\/24\/revisions"}],"predecessor-version":[{"id":309,"href":"https:\/\/preproduction.nuvatum.com\/index.php?rest_route=\/wp\/v2\/pages\/24\/revisions\/309"}],"wp:attachment":[{"href":"https:\/\/preproduction.nuvatum.com\/index.php?rest_route=%2Fwp%2Fv2%2Fmedia&parent=24"}],"curies":[{"name":"wp","href":"https:\/\/api.w.org\/{rel}","templated":true}]}}